{"id":2541,"date":"2016-10-06T23:18:22","date_gmt":"2016-10-06T23:18:22","guid":{"rendered":"http:\/\/jaskinia-eden.pl\/?page_id=2541"},"modified":"2018-09-25T15:05:30","modified_gmt":"2018-09-25T15:05:30","slug":"o-jaskini","status":"publish","type":"page","link":"https:\/\/jaskiniaeden.pl\/?page_id=2541","title":{"rendered":"O jaskini"},"content":{"rendered":"<div id=\"pl-2541\"  class=\"panel-layout\" ><div id=\"pg-2541-0\"  class=\"panel-grid panel-has-style\" ><div style=\"background-color: #ffffff; \" class=\"panel-row-style panel-row-style-for-2541-0\" ><div id=\"pgc-2541-0-0\"  class=\"panel-grid-cell\" ><div id=\"panel-2541-0-0-0\" class=\"so-panel widget widget_sow-editor panel-first-child\" data-index=\"0\" ><div class=\"panel-widget-style panel-widget-style-for-2541-0-0-0\" ><div\n\t\t\t\n\t\t\tclass=\"so-widget-sow-editor so-widget-sow-editor-base\"\n\t\t\t\n\t\t><h3 class=\"widget-title\">O Jaskini<\/h3>\n<div class=\"siteorigin-widget-tinymce textwidget\">\n\t<p>Jaskinia Solna jest nowoczesn\u0105 metod\u0105 zastosowania naturalnych w\u0142a\u015bciwo\u015bci soli \u00a0w celach leczniczych a\u00a0tak\u017ce rekreacyjnych. Jaskinia Eden zosta\u0142a zbudowana wed\u0142ug opatentowanej technolgi, \u00a0z \u00a0ogromn\u0105 uwag\u0105 do wysokiej jako\u015bci surowc\u00f3w.\u00a0\u0179r\u00f3d\u0142em zdrowotnego dzia\u0142ania\u00a0jaskini jest naturalna budowa wedle unikalnej technologii.\u00a0Zawiera ona w sobie wszystkie mikroelementy niezb\u0119dne do stworzenia MIKROKLIMATU, kt\u00f3ry korzystnie wp\u0142ywa na nasze zdrowie oraz dzia\u0142a relaksuj\u0105co na samopoczucie.<\/p>\n<p>Regularne seanse w atmosferze czystego zjonizowanego powietrza w Jaskini Solnej Eden\u00a0oczyszczaj\u0105 organizm z toksyn oraz\u00a0pomagaj\u0105 odbudowa\u0107 i\u00a0polepszy\u0107 kondycj\u0119 zdrowotn\u0105. Ponadto dzia\u0142aj\u0105 one wspomagaj\u0105co przy leczeniu alergii i astmy a tak\u017ce wielu przewlek\u0142ych schorze\u0144 i zdrowotnych problem\u00f3w, jak:<\/p>\n<ul>\n<li>leczenie chor\u00f3b i zapale\u0144 w g\u00f3rnym uk\u0142adzie oddechowym\u00a0oraz\u00a0przewlek\u0142ych zapale\u0144 p\u0142uc i oskrzeli,<\/li>\n<li>leczenie schorze\u0144 w obr\u0119bie uk\u0142adu trawiennego, w tym owrzodzenia i nie nie\u017cyt\u00f3w \u017co\u0142\u0105dka, jelita grubego, dwunastnicy,<\/li>\n<li>leczenie\u00a0dysfunkcji uk\u0142adu nerwowego, a tak\u017ce\u00a0nerwic, stan\u00f3w os\u0142abienia i przem\u0119czenia b\u0119d\u0105cych skutkiem stresu,<\/li>\n<li>leczenie schorze\u0144 sk\u00f3rnych, jak \u0142uszczyca, zapalenia, pokrzywki i stany alergiczne sk\u00f3ry itp. oraz\u00a0zapobieganie procesom starzenia i powstawania zmarszczek,<\/li>\n<li>leczenie chor\u00f3b sercowo-naczyniowych - nadci\u015bnienia i niedoci\u015bnienia, stabilizowanie r\u00f3wnowagi w organizmie w\u00a0stan\u00f3w pozawa\u0142owych,<\/li>\n<li>oraz leczenie niedoczynno\u015bci tarczycy, kt\u00f3ra wp\u0142ywa na wiele funkcji w naszym ciele od stan\u00f3w psychiki po\u00a0fizyczny stan uk\u0142ad\u00f3w biologicznych w naszym organizmie.<\/li>\n<\/ul>\n<p>Pierwsze efekty zauwa\u017calne s\u0105 ju\u017c po kilku seansach. Zar\u00f3wno lekarze jak i dietetycy, oraz specjali\u015bci od\u00a0cia\u0142a i urody\u00a0cz\u0119sto\u00a0polecaj\u0105 stosowanie seans\u00f3w w Jaskini Solnej jako zabieg\u00f3w b\u0119d\u0105cych\u00a0cz\u0119\u015bci\u0105 ich programu.\u00a0Jeste\u015bmy sprawdzonym\u00a0sposobem na zdrowie,\u00a0dobr\u0105 kondycj\u0119 cia\u0142a i ducha oraz \u017ar\u00f3d\u0142em m\u0142odo\u015bci\u00a0i urody! Je\u015bli wi\u0119c piel\u0119gnacja cia\u0142a, zdrowia oraz\u00a0pi\u0119kna s\u0105 dla Pa\u0144stwa wa\u017cne, to serdecznie zapraszamy do Jaskini Solnej \"EDEN\" !<\/p>\n<\/div>\n<\/div><\/div><\/div><div id=\"panel-2541-0-0-1\" class=\"so-panel widget widget_sow-editor\" data-index=\"1\" ><div class=\"panel-widget-style panel-widget-style-for-2541-0-0-1\" ><div\n\t\t\t\n\t\t\tclass=\"so-widget-sow-editor so-widget-sow-editor-base\"\n\t\t\t\n\t\t><h3 class=\"widget-title\">Zapraszamy te\u017c na wirtualny spacer<\/h3>\n<div class=\"siteorigin-widget-tinymce textwidget\">\n\t<p style=\"display: flex; justify-content: center; align-items: center; overflow: hidden; height: 50rem;\"><iframe loading=\"lazy\" style=\"border: 0; width: 100%; height: 500px; position: relative;\" src=\"https:\/\/www.google.com\/maps\/embed?pb=!1m0!3m2!1spl!2sus!4v1476979787728!6m8!1m7!1sJGjU_NV0RCsAAAQvOlFC7A!2m2!1d52.32584754336837!2d21.10252468850729!3f18.34!4f0!5f0.5970117501821992\" width=\"100%\" height=\"500\" frameborder=\"0\" allowfullscreen=\"allowfullscreen\"><\/iframe><\/p>\n<\/div>\n<\/div><\/div><\/div>\t\t<section id=\"services\" class=\"services-area\">\r\n\t\t\t<div class=\"container\">\r\n\t\t\t\t<h3 class=\"widget-title\"><span class=\"wow bounce\">Wyr\u00f3\u017cnia nas<\/span><\/h3>\t\t\t\t\t\t\t\t\t\t\t\t\t\t\t\t\t\t\t<div class=\"service col-md-4 col-sm-6 col-xs-6\">\r\n\t\t\t\t\t\t\t\t\t\t\t\t\t\t\t\t\t\t\t\t<span class=\"service-icon wow zoomInDown\"><i class=\"fa fa-heart-o\"><\/i><\/span>\t\t\t\t\t\t\t\t\t\t\t\t<h4 class=\"service-title wow fadeInUp\">Naturalnie, \u017ce&#8230; Naturalnie<\/h4><div class=\"service-desc wow fadeInUp\"><p>Dzi\u0119ki idealnie dobranym naturalnym surowcom\u00a0stworzyli\u015bmy prawdziwe\u00a0<strong>\u017ar\u00f3d\u0142o zdrowia o leczniczych w\u0142a\u015bciwo\u015bciach uzdrowiska\u00a0!\u00a0<\/strong>Oto\u00a0najwa\u017cniejsze zalety tego miejsca! \u00a0<\/p>\r\n<p style=\"text-align: justify;\">W naszych t\u0119\u017cniach stosujemy <strong>S\u00f3l i Zab\u0142ock\u0105 Solank\u0119 Inhalacyjn\u0105<\/strong>. Pod\u0142oga naszej Jaskini \u00a0wysypana jest <strong>\u00a0mieszank\u0105 soli morskiej i kopalnianej z Polski.\u00a0<\/strong><\/p>\r\n<p style=\"text-align: justify;\">Natomiast \u015bciany wy\u0142o\u017cone s\u0105 czystymi i\u00a0<strong>naturalnymi bry\u0142ami solnymi<\/strong>\u00a0pochodz\u0105cymi <strong>z Pakista\u0144skich kopalni sprzed milion\u00f3w lat! <\/strong><\/p>\r\n<p style=\"text-align: justify;\">Ca\u0142o\u015b\u0107 powsta\u0142a na specjalnej konstrukcji, \u00a0po to aby \u00a0<strong>przy zachowaniu okre\u015blonej temperatury oraz wilgotno\u015bci<\/strong>, powietrze by\u0142o \u00a0<strong>PRAWDZIWYM I\u00a0UNIKALNYM MIKROKLIMATEM,<\/strong> zbawiennym dla naszego organizmu.<\/p><\/div>\t\t\t\t\t<\/div>\r\n\t\t\t\t\t\t\t\t\t\t\t\t\t\t\t\t\t\t\t<div class=\"service col-md-4 col-sm-6 col-xs-6\">\r\n\t\t\t\t\t\t\t\t\t\t\t\t\t\t\t\t\t\t\t\t<span class=\"service-icon wow zoomInDown\"><i class=\"fa fa-fire\"><\/i><\/span>\t\t\t\t\t\t\t\t\t\t\t\t<h4 class=\"service-title wow fadeInUp\">Leczniczy Mikroklimat i SPA<\/h4><div class=\"service-desc wow fadeInUp\"><p>Jaskinia Eden\u00a0to wyj\u0105tkowe miejsce dla ducha i cia\u0142a. <strong>Wypr\u00f3buj zdrowotnych inhalacji w Leczniczym Mikroklimacie solankowych t\u0119\u017cni!<\/strong><\/p>\r\n<p>Regularne seanse w Jaskini Solnej <strong>oczyszcz\u0105\u00a0organizm z toksyn<\/strong> oraz pomog\u0105<strong>\u00a0w leczeniu alergii, k\u0142opot\u00f3w z cz\u0119stymi infekcjami dr\u00f3g oddechowych, \u00a0gard\u0142a, zatok, p\u0142uc, oskrzeli, uszu<\/strong> oraz <strong>w walce z przewlek\u0142ymi chorobami, \u00a0i\u00a0astm\u0105...<\/strong><\/p>\r\n<p>Poznaj te\u017c\u00a0<strong>relaksuj\u0105cy i dobroczynny wp\u0142yw seans\u00f3w na samopoczucie<\/strong>,\u00a0zw\u0142aszcza przy codziennym stresie! Efekty mog\u0105 Ci\u0119 zaskoczy\u0107 ju\u017c po kilku\u00a0wizytach...<\/p><\/div>\t\t\t\t\t<\/div>\r\n\t\t\t\t\t\t\t\t\t\t\t\t\t\t\t\t\t\t\t<div class=\"service col-md-4 col-sm-6 col-xs-6\">\r\n\t\t\t\t\t\t\t\t\t\t\t\t\t\t\t\t\t\t\t\t<span class=\"service-icon wow zoomInDown\"><i class=\"fa fa-star-o\"><\/i><\/span>\t\t\t\t\t\t\t\t\t\t\t\t<h4 class=\"service-title wow fadeInUp\">Komfort i najwy\u017csza jako\u015b\u0107<\/h4><div class=\"service-desc wow fadeInUp\"><p>Mikroklimatyczna\u00a0Jaskinia Solna \"EDEN\" zosta\u0142a wykonana przez\u00a0<strong>Grup\u0119 ZENDAR, kt\u00f3ra opatentowa\u0142a wysok\u0105 jako\u015b\u0107\u00a0technologii \"Mikroklimatycznej Jaskini Solnej\".<\/strong><\/p>\r\n<p>Jeste\u015bmy otwarci wobec Pa\u0144stwa potrzeb, dbamy o to aby wszyscy\u00a0nasi Klienci mogli czu\u0107 si\u0119 komfortowo i bezpiecznie.<\/p>\r\n<p>Jaskinia \"EDEN\" jest ca\u0142kowicie <strong>Przyjazna Dzieciom <\/strong>i posiada uroczy k\u0105cik zabaw, to r\u00f3wnie\u017c\u00a0<strong>miejsce \"bez barier\",<\/strong>\u00a0gotowe na<strong> przyj\u0119cie os\u00f3b niepe\u0142nosprawnych.<\/strong>\u00a0<\/p><\/div>\t\t\t\t\t<\/div>\r\n\t\t\t\t\t\t\t<\/div>\r\n\t\t\t\t\t\t\t\t\t\r\n\t\t<\/section>\t\t\r\n\t<\/div><\/div><\/div><\/div>","protected":false},"excerpt":{"rendered":"<p>O Jaskini Jaskinia Solna jest nowoczesn\u0105 metod\u0105 zastosowania naturalnych w\u0142a\u015bciwo\u015bci soli \u00a0w celach leczniczych a\u00a0tak\u017ce rekreacyjnych. Jaskinia Eden zosta\u0142a zbudowana wed\u0142ug opatentowanej technolgi, \u00a0z \u00a0ogromn\u0105 uwag\u0105 do wysokiej jako\u015bci surowc\u00f3w.\u00a0\u0179r\u00f3d\u0142em [&hellip;]<\/p>\n","protected":false},"author":1,"featured_media":0,"parent":0,"menu_order":2,"comment_status":"closed","ping_status":"closed","template":"page_front-page.php","meta":{"footnotes":""},"class_list":["post-2541","page","type-page","status-publish","hentry"],"_links":{"self":[{"href":"https:\/\/jaskiniaeden.pl\/index.php?rest_route=\/wp\/v2\/pages\/2541","targetHints":{"allow":["GET"]}}],"collection":[{"href":"https:\/\/jaskiniaeden.pl\/index.php?rest_route=\/wp\/v2\/pages"}],"about":[{"href":"https:\/\/jaskiniaeden.pl\/index.php?rest_route=\/wp\/v2\/types\/page"}],"author":[{"embeddable":true,"href":"https:\/\/jaskiniaeden.pl\/index.php?rest_route=\/wp\/v2\/users\/1"}],"replies":[{"embeddable":true,"href":"https:\/\/jaskiniaeden.pl\/index.php?rest_route=%2Fwp%2Fv2%2Fcomments&post=2541"}],"version-history":[{"count":26,"href":"https:\/\/jaskiniaeden.pl\/index.php?rest_route=\/wp\/v2\/pages\/2541\/revisions"}],"predecessor-version":[{"id":3210,"href":"https:\/\/jaskiniaeden.pl\/index.php?rest_route=\/wp\/v2\/pages\/2541\/revisions\/3210"}],"wp:attachment":[{"href":"https:\/\/jaskiniaeden.pl\/index.php?rest_route=%2Fwp%2Fv2%2Fmedia&parent=2541"}],"curies":[{"name":"wp","href":"https:\/\/api.w.org\/{rel}","templated":true}]}}